{"id":2741,"date":"2021-11-28T18:09:05","date_gmt":"2021-11-28T17:09:05","guid":{"rendered":"http:\/\/andreas-goetz-anwalt.de\/?page_id=2741"},"modified":"2022-08-26T08:26:42","modified_gmt":"2022-08-26T06:26:42","slug":"impressum","status":"publish","type":"page","link":"https:\/\/andreas-goetz-anwalt.de\/?page_id=2741","title":{"rendered":"Impressum"},"content":{"rendered":"<div class=\"wpb-content-wrapper\"><p>[vc_row][vc_column][vc_column_text]<\/p>\n<h2 class=\"wp-block-heading\" id=\"rechtsanwaltskanzlei-gotz-impressum\"><strong>Rechtsanwaltskanzlei G\u00f6tz \u2013 Impressum<\/strong><\/h2>\n\n\n<h3 class=\"wp-block-heading\" id=\"impressum-datenschutz-rechtshinweise\"><strong>Impressum, Datenschutz, Rechtshinweise<\/strong><\/h3>\n\n<p>Impressum (=Anbieterkennzeichnung) und Informationspflichten<\/p>\n\n<p>Verantwortlich im Sinne von \u00a7 5 Telemediengesetz (TMG):<\/p>\n\n\n<p class=\"has-black-color has-text-color\">Andreas G\u00f6tz<br \/>Unterm Stein 50<br \/>65606 Villmar<\/p>\n\n\n<p class=\"has-black-color has-text-color\">Kontakt<br \/>Telefon: 06471 504054<br \/>Telefax: 06471 509453<br \/>E-Mail: kanzlei@anwalt-lahn.de<\/p>\n\n<p><strong>Umsatzsteuer ID<\/strong><\/p>\n\n<p>DE256147635<\/p>\n\n<p><strong>Steuer ID<\/strong><\/p>\n\n<p>95 764 092 138<\/p>\n\n<p>Das Recht zum F\u00fchren der Berufsbezeichnung Rechtsanwalt\/Rechtsanw\u00e4ltin wurde in der Bundesrepublik Deutschland erworben.<\/p>\n\n<p>Rechtsanwalt Andreas G\u00f6tz ist Mitglied der Rechtsanwaltskammer Frankfurt, Bockenheimer Anlage 36, 60322 Frankfurt\/Main, Tel. 069\/17009801, Fax 069\/170098-50, info (at) rak-ffm.de, www.rechtsanwaltskammer-ffm.de.<\/p>\n\n<p><strong>F\u00fcr die T\u00e4tigkeit von Rechtsanw\u00e4lten gelten<\/strong><\/p>\n\n<p>&#8211; die Bundesrechtsanwaltsordnung (BRAO)<\/p>\n\n<p>&#8211; die Berufsordnung f\u00fcr Rechtsanw\u00e4lte (BORA)<\/p>\n\n<p>&#8211; das Rechtsanwaltsverg\u00fctungsgesetz (RVG)<\/p>\n\n<p>&#8211; die Fachanwaltsordnung f\u00fcr Rechtsanw\u00e4lte (FAO)<\/p>\n\n<p>&#8211; die Berufsregeln der Rechtsanw\u00e4lte der Europ\u00e4ischen Union (CCBE).<\/p>\n\n<p>Diese und weitere Regelungen k\u00f6nnen auf den Seiten der Bundesrechtsanwaltskammer eingesehen werden.<\/p>\n\n<p><strong>Hinweispflicht nach der ODR-Verordnung<\/strong><\/p>\n\n<p>Informationen hierzu finden Sie auf der Plattform der EU zur au\u00dfergerichtlichen Online-Streitbeilegung: http:\/\/ec.europa.eu\/consumers\/odr\/ Wir sind nicht bereit und verpflichtet, an einem Streitbeilegungsverfahren vor einer Verbraucherschlichtungsstelle teilzunehmen.<\/p>\n\n<p><strong>Hinweispflicht nach dem Verbraucherstreitbeilegungsgesetz (VSBG)<\/strong><\/p>\n\n<p>Zust\u00e4ndige Verbraucherschlichtungsstelle f\u00fcr verm\u00f6gensrechtliche Streitigkeiten aus dem Mandatsverh\u00e4ltnis bis zu einem Wert von 50.000,-\u20ac ist die Schlichtungsstelle der Rechtsanwaltschaft, Neue Gr\u00fcnstr. 17, 10179 Berlin.<\/p>\n\n<p><strong>Berufshaftpflichtversicherung<\/strong><\/p>\n\n<p>Allianz Versicherung<\/p>\n\n<p><strong>R\u00e4umlicher Geltungsbereich:<\/strong><\/p>\n\n<p>&#8211; Der Versicherungsschutz bezieht sich nicht auf Haftpflichtanspr\u00fcche aus T\u00e4tigkeiten \u00fcber in anderen Staaten eingerichtete oder unterhaltene Kanzleien oder B\u00fcros<\/p>\n\n<p>&#8211; im Zusammenhang mit der Beratung und Besch\u00e4ftigung mit au\u00dfereurop\u00e4ischem Recht<\/p>\n\n<p>&#8211; des Rechtsanwalts vor au\u00dfereurop\u00e4ischen Gerichten.<\/p>\n\n<p>Daneben besteht kein Versicherungsschutz im Zusammenhang mit der Beratung und Besch\u00e4ftigung mit au\u00dfereurop\u00e4ischem Recht. Rechtsanw\u00e4ltinnen und Rechtsanw\u00e4lte sind aufgrund der Bundesrechtsanwaltsordnung (BRAO; s.o.) verpflichtet, eine Berufshaftpflichtversicherung f\u00fcr Verm\u00f6genssch\u00e4den zu unterhalten. Die Einzelheiten ergeben sich aus \u00a7 51 BRAO.<\/p>\n\n<p><strong>Rechtliche Hinweise<\/strong><\/p>\n\n<p><strong>E-Mail-Verkehr<\/strong><\/p>\n\n<p>Es wird ausdr\u00fccklich darauf hingewiesen, dass unverschl\u00fcsselte Kommunikation via E-Mail unsicher ist. F\u00fcr hieraus resultierende Sch\u00e4den \u00fcbernehmen wir keine Haftung. Mandatsverh\u00e4ltnisse kommen erst durch Annahmeerkl\u00e4rung der Kanzlei zustande.<\/p>\n\n<p><strong>Haftungsausschluss<\/strong><\/p>\n\n<p>Der Inhalt dieser Webseiten dient der allgemeinen Information und kann eine individuelle Rechtsberatung nicht ersetzen.<\/p>\n\n<p>Wir sind bem\u00fcht, die auf diesen Seiten bereitgestellten Informationen stets richtig, vollst\u00e4ndig und aktuell zu halten. Gleichwohl \u00fcbernehmen wir f\u00fcr die inhaltliche Korrektheit, Vollst\u00e4ndigkeit und Aktualit\u00e4t weder Gew\u00e4hr noch Haftung. Komplexit\u00e4t und st\u00e4ndiger Wandel der Rechtsmaterie machen es notwendig, Haftung und Gew\u00e4hr auszuschlie\u00dfen.<\/p>\n\n<p><strong>Keine Haftung f\u00fcr die Inhalte externer Links:<\/strong><\/p>\n\n<p>Diese Webseite enth\u00e4lt Links zu anderen Webseiten. Die Kanzlei hat keinen Einfluss darauf, ob deren Betreiber die Datenschutzbestimmungen einhalten.<\/p>\n\n<p>Hiermit widerspricht Rechtsanwalt Andreas G\u00f6tz jeder kommerziellen Verwendung und Weitergabe seiner Daten.<\/p>\n\n<p>Hiermit distanziert sich Rechtsanwalt Andreas G\u00f6tz ausdr\u00fccklich von allen Inhalten s\u00e4mtlicher verlinkter Webseiten, da diese anderen Webseiten von Fremdanbietern zug\u00e4nglich gemacht werden und er auf deren wahrheitsgem\u00e4\u00dfen und rechtm\u00e4\u00dfigen Inhalt keinerlei Einfluss hat.<\/p>\n\n<p>Daher kann Rechtsanwalt Andreas G\u00f6tz f\u00fcr die Inhalte dieser Seiten keine Gew\u00e4hr \u00fcbernehmen.<\/p>\n\n<p><strong>Urheberrecht<\/strong><\/p>\n\n<p>Die Rechte an dem Inhalt dieser Seiten liegen bei Rechtsanwalt Andreas G\u00f6tz.<\/p>\n\n<p>Alle Inhalte und Strukturen dieser Webseiten sind urheberrechtlich gesch\u00fctzt. Die Ver\u00f6ffentlichung im World Wide Web oder in sonstigen Diensten des Internet bedeutet noch keine Einverst\u00e4ndniserkl\u00e4rung f\u00fcr eine anderweitige Nutzung durch Dritte.<\/p>\n\n<p>&nbsp;<\/p>\n<p>[\/vc_column_text][\/vc_column][\/vc_row]<\/p>\n<\/div>","protected":false},"excerpt":{"rendered":"<p>[vc_row][vc_column][vc_column_text] Rechtsanwaltskanzlei G\u00f6tz \u2013 Impressum Impressum, Datenschutz, Rechtshinweise Impressum (=Anbieterkennzeichnung) und Informationspflichten Verantwortlich im Sinne von \u00a7 5 Telemediengesetz (TMG): Andreas G\u00f6tzUnterm Stein 5065606 Villmar KontaktTelefon: 06471 504054Telefax: 06471 509453E-Mail: kanzlei@anwalt-lahn.de Umsatzsteuer ID DE256147635 Steuer ID 95 764 092 138 Das Recht zum F\u00fchren der Berufsbezeichnung Rechtsanwalt\/Rechtsanw\u00e4ltin wurde in der Bundesrepublik Deutschland erworben. Rechtsanwalt Andreas&#8230;<\/p>\n","protected":false},"author":1,"featured_media":0,"parent":0,"menu_order":50,"comment_status":"closed","ping_status":"closed","template":"","meta":{"footnotes":""},"class_list":["post-2741","page","type-page","status-publish","hentry"],"_links":{"self":[{"href":"https:\/\/andreas-goetz-anwalt.de\/index.php?rest_route=\/wp\/v2\/pages\/2741","targetHints":{"allow":["GET"]}}],"collection":[{"href":"https:\/\/andreas-goetz-anwalt.de\/index.php?rest_route=\/wp\/v2\/pages"}],"about":[{"href":"https:\/\/andreas-goetz-anwalt.de\/index.php?rest_route=\/wp\/v2\/types\/page"}],"author":[{"embeddable":true,"href":"https:\/\/andreas-goetz-anwalt.de\/index.php?rest_route=\/wp\/v2\/users\/1"}],"replies":[{"embeddable":true,"href":"https:\/\/andreas-goetz-anwalt.de\/index.php?rest_route=%2Fwp%2Fv2%2Fcomments&post=2741"}],"version-history":[{"count":11,"href":"https:\/\/andreas-goetz-anwalt.de\/index.php?rest_route=\/wp\/v2\/pages\/2741\/revisions"}],"predecessor-version":[{"id":2861,"href":"https:\/\/andreas-goetz-anwalt.de\/index.php?rest_route=\/wp\/v2\/pages\/2741\/revisions\/2861"}],"wp:attachment":[{"href":"https:\/\/andreas-goetz-anwalt.de\/index.php?rest_route=%2Fwp%2Fv2%2Fmedia&parent=2741"}],"curies":[{"name":"wp","href":"https:\/\/api.w.org\/{rel}","templated":true}]}}