{"id":2713,"date":"2021-11-28T16:35:30","date_gmt":"2021-11-28T15:35:30","guid":{"rendered":"http:\/\/andreas-goetz-anwalt.de\/?page_id=2713"},"modified":"2021-11-28T18:24:31","modified_gmt":"2021-11-28T17:24:31","slug":"familienrecht","status":"publish","type":"page","link":"https:\/\/andreas-goetz-anwalt.de\/?page_id=2713","title":{"rendered":"Familienrecht"},"content":{"rendered":"\n<p><strong>Ihr professioneller Anwalt f\u00fcr Familienrecht<\/strong><\/p>\n\n\n\n<div class=\"wp-block-image\"><figure class=\"alignleft size-full\"><img loading=\"lazy\" decoding=\"async\" width=\"600\" height=\"400\" src=\"https:\/\/andreas-goetz-anwalt.de\/wp-content\/uploads\/2021\/11\/familienrecht.jpg\" alt=\"familienrecht\" class=\"wp-image-2718\" srcset=\"https:\/\/andreas-goetz-anwalt.de\/wp-content\/uploads\/2021\/11\/familienrecht.jpg 600w, https:\/\/andreas-goetz-anwalt.de\/wp-content\/uploads\/2021\/11\/familienrecht-300x200.jpg 300w\" sizes=\"auto, (max-width: 600px) 100vw, 600px\" \/><\/figure><\/div>\n\n\n\n<p>Famili\u00e4re Angelegenheiten bieten ein enormes Streitpotenzial, welches nicht selten auch gerichtlich beigelegt werden muss. Hierzu geh\u00f6ren beispielsweise Unklarheiten im Sorgerecht, aber auch Fragen zum Unterhalt, zum Versorgungsausgleich oder zur Verm\u00f6gensauseinandersetzung. Als Jurist f\u00fcr das Familienrecht begleite ich Sie in Ihrer Situation und stehe Ihnen bei allen Fragen zur Seite. Sowohl vor Gericht als auch im au\u00dfergerichtlichen Verfahren erwartet Sie somit die gew\u00fcnschte Kompetenz.<\/p>\n\n\n\n<p><strong>Die Bedeutung der Spezialisierung im Familienrecht<\/strong><\/p>\n\n\n\n<p>Durch den Fokus auf das Familienrecht habe ich mich daf\u00fcr entschieden, famili\u00e4re Unklarheiten zu beseitigen und meinen Mandanten behilflich zu sein. Auf diese Weise k\u00f6nnen Sie sich in jedem Sachverhalt auf eine klare Argumentationslinie und auf umfassende Rechtskenntnis verlassen. Nicht nur in Form der gerichtlichen Vertretung, sondern auch durch umfassende Beratungen vorab unterst\u00fctze ich Sie dabei, mehr \u00fcber Ihren rechtlichen Standpunkt und Ihre Chancen zu erfahren.<\/p>\n\n\n\n<p>Hierbei lege ich sehr viel Wert darauf, Sie zielgerichtet bei Ihrem Anliegen zu begleiten und eine schnelle Einigung herbeizuf\u00fchren. W\u00e4hrend sich gerichtliche Prozesse meist \u00fcber mehrere Jahre hinziehen k\u00f6nnen, ist dies bei Mediationen oder au\u00dfergerichtlichen Kl\u00e4rungen nicht der Fall. Je nach Sachverhalt empfehle ich Ihnen an dieser Stelle, welches Vorgehen am besten geeignet ist. Dies gilt f\u00fcr alle g\u00e4ngigen Bereiche, in denen ich Sie als Anwalt f\u00fcr Familienrecht zielgerichtet begleite.<\/p>\n\n\n\n<p><strong>In diesen Situationen bin ich der richtige Partner<\/strong><\/p>\n\n\n\n<p>Gr\u00fcnde f\u00fcr die Beauftragung eines Juristen im Familienrecht gibt es viele. Hierzu geh\u00f6ren zum Beispiel die Scheidung und die damit verbundene Auslegung des Ehevertrags. Auch der Unterhalt ist eines der wichtigsten Themen, wenn es um die Verteilung des Sorgerechts sowie um m\u00f6gliche Zahlungen zum Wohl des Kindes geht. Kommen Sie bei Fragen gerne direkt auf mich zur\u00fcck.<\/p>\n\n\n\n<p>Vor allem nach einer Trennung sind die Fronten h\u00e4ufig verh\u00e4rtet, weshalb eine Einigung ohne anwaltliche Beteiligung in weite Ferne r\u00fcckt. Mein Ziel ist es daher, mit beiden Seiten ins Gespr\u00e4ch zu kommen und die richtigen Schwerpunkte zu setzen. Dies gilt in allen Fragen des Familienrechts, weshalb ich pers\u00f6nliche Gespr\u00e4che vor der Einleitung rechtlicher Ma\u00dfnahmen klar bevorzuge. So ist es h\u00e4ufig leichter, das Problem ohne Mehraufwand und mit Sachverstand aus der Welt zu schaffen.<\/p>\n\n\n\n<p>Auch bei steuerlichen Fragen, die mit der famili\u00e4ren Struktur in Verbindung stehen, haben Sie mit mir den richtigen Experten an Ihrer Seite. Gleiches gilt im Bereich des Umgangsrechts sowie beim Wunsch einer Adoption. Eine rechtliche Beratung ist in solchen F\u00e4llen in der Regel auch ohne konkreten Anlass zu empfehlen, um einen umfassenden \u00dcberblick zu Ihrer Situation zu gewinnen.<\/p>\n\n\n\n<p><strong>Gute Gr\u00fcnde f\u00fcr eine ganzheitliche Rechtsbegleitung<\/strong><\/p>\n\n\n\n<p>Wie bereits erw\u00e4hnt, ist eine kompetente Rechtsbegleitung in vielen F\u00e4llen ein gutes Mittel, um die eigenen Anspr\u00fcche umzusetzen. Ob dies vor Gericht geschieht oder in Form einer au\u00dfergerichtlichen Einigung, ist hierbei in den meisten Sachverhalten nicht absehbar. Als Anwalt im Familienrecht unterst\u00fctze ich Sie aus diesem Grund jederzeit dabei, Ihre Rechte immer mit Erfolg durchzusetzen.<\/p>\n\n\n\n<p>Falls Sie bisher nicht wissen, ob eine rechtliche Betreuung auch in Ihrem Fall sinnvoll ist, k\u00f6nnen Sie mich nat\u00fcrlich vollkommen unverbindlich kontaktieren. Anschlie\u00dfend erfahren Sie, ob sich in Ihrer Situation die Beauftragung eines Juristen lohnt und welche Kosten auf Sie zukommen. Auch unabh\u00e4ngig davon k\u00f6nnen Sie mein Angebot einer umfassenden Rechtsberatung nat\u00fcrlich zu jedem Zeitpunkt in Anspruch nehmen. Dies hilft Ihnen dabei, offene Fragen im Vorhinein zu kl\u00e4ren.<\/p>\n\n\n\n<p><strong>Nehmen Sie jetzt unverbindlich Kontakt auf!<\/strong><\/p>\n\n\n\n<p>Sollte eine Scheidung bevorstehen, deren Verm\u00f6gensaufteilung noch Probleme bereitet, ist eine anwaltliche Unterst\u00fctzung in der Regel sinnvoll. Gleiches gilt bei F\u00e4llen im Sorge- und Umgangsrecht, wobei Sie gerne auf mich zur\u00fcckkommen k\u00f6nnen. Als erfahrener Experte f\u00fcr das Familienrecht sorge ich daf\u00fcr, dass Ihre Anspr\u00fcche klar formuliert sind und somit keine Unklarheiten verbleiben m\u00fcssen.<\/p>\n","protected":false},"excerpt":{"rendered":"<p>Ihr professioneller Anwalt f\u00fcr Familienrecht Famili\u00e4re Angelegenheiten bieten ein enormes Streitpotenzial, welches nicht selten auch gerichtlich beigelegt werden muss. Hierzu geh\u00f6ren beispielsweise Unklarheiten im Sorgerecht, aber auch Fragen zum Unterhalt, zum Versorgungsausgleich oder zur Verm\u00f6gensauseinandersetzung. Als Jurist f\u00fcr das Familienrecht begleite ich Sie in Ihrer Situation und stehe Ihnen bei allen Fragen zur Seite. Sowohl&#8230;<\/p>\n","protected":false},"author":1,"featured_media":0,"parent":611,"menu_order":3,"comment_status":"closed","ping_status":"closed","template":"","meta":{"footnotes":""},"class_list":["post-2713","page","type-page","status-publish","hentry"],"_links":{"self":[{"href":"https:\/\/andreas-goetz-anwalt.de\/index.php?rest_route=\/wp\/v2\/pages\/2713","targetHints":{"allow":["GET"]}}],"collection":[{"href":"https:\/\/andreas-goetz-anwalt.de\/index.php?rest_route=\/wp\/v2\/pages"}],"about":[{"href":"https:\/\/andreas-goetz-anwalt.de\/index.php?rest_route=\/wp\/v2\/types\/page"}],"author":[{"embeddable":true,"href":"https:\/\/andreas-goetz-anwalt.de\/index.php?rest_route=\/wp\/v2\/users\/1"}],"replies":[{"embeddable":true,"href":"https:\/\/andreas-goetz-anwalt.de\/index.php?rest_route=%2Fwp%2Fv2%2Fcomments&post=2713"}],"version-history":[{"count":5,"href":"https:\/\/andreas-goetz-anwalt.de\/index.php?rest_route=\/wp\/v2\/pages\/2713\/revisions"}],"predecessor-version":[{"id":2775,"href":"https:\/\/andreas-goetz-anwalt.de\/index.php?rest_route=\/wp\/v2\/pages\/2713\/revisions\/2775"}],"up":[{"embeddable":true,"href":"https:\/\/andreas-goetz-anwalt.de\/index.php?rest_route=\/wp\/v2\/pages\/611"}],"wp:attachment":[{"href":"https:\/\/andreas-goetz-anwalt.de\/index.php?rest_route=%2Fwp%2Fv2%2Fmedia&parent=2713"}],"curies":[{"name":"wp","href":"https:\/\/api.w.org\/{rel}","templated":true}]}}