{"id":2709,"date":"2021-11-28T16:34:10","date_gmt":"2021-11-28T15:34:10","guid":{"rendered":"http:\/\/andreas-goetz-anwalt.de\/?page_id=2709"},"modified":"2022-08-29T08:43:43","modified_gmt":"2022-08-29T06:43:43","slug":"fachanwalt-arbeitsrecht","status":"publish","type":"page","link":"https:\/\/andreas-goetz-anwalt.de\/?page_id=2709","title":{"rendered":"Fachanwalt f\u00fcr Arbeitsrecht"},"content":{"rendered":"\n<p><strong>Ihr Fachanwalt f\u00fcr Arbeitsrecht<\/strong><\/p>\n\n\n<div class=\"wp-block-image\">\n<figure class=\"alignleft size-full\"><img loading=\"lazy\" decoding=\"async\" width=\"400\" height=\"600\" src=\"https:\/\/andreas-goetz-anwalt.de\/wp-content\/uploads\/2021\/11\/arbeitsrecht.jpg\" alt=\"\" class=\"wp-image-2726\" srcset=\"https:\/\/andreas-goetz-anwalt.de\/wp-content\/uploads\/2021\/11\/arbeitsrecht.jpg 400w, https:\/\/andreas-goetz-anwalt.de\/wp-content\/uploads\/2021\/11\/arbeitsrecht-200x300.jpg 200w\" sizes=\"auto, (max-width: 400px) 100vw, 400px\" \/><\/figure>\n<\/div>\n\n\n<p>Wenn es um die Vertretung von Arbeitgeber- oder Arbeitnehmerinteressen geht, haben Sie mit mir als Fachanwalt im Arbeitsrecht einen guten Partner zur Seite. So konnte ich in der Vergangenheit bereits vielen Mandanten weiterhelfen, um ihre rechtlichen Anspr\u00fcche mit Erfolg durchzusetzen. Sowohl in Form der au\u00dfergerichtlichen Vertretung als auch im Verfahren vor Ort begleite ich Sie jederzeit mit der n\u00f6tigen Kompetenz. Dies macht es leicht, Ihre Rechte auch vor Gericht wirksam durchzusetzen.<\/p>\n\n\n\n<p><strong>Diese Themen geh\u00f6ren in das Arbeitsrecht<\/strong><\/p>\n\n\n\n<p>Im Rahmen einer kostenfreien Erstberatung k\u00f6nnen wir im Detail besprechen, welche Anliegen f\u00fcr Sie arbeitsrechtlich von Bedeutung sind. M\u00f6gliche Inhalte im Arbeitsrecht sind die Vorbereitung oder Abwehr von K\u00fcndigungen, die Verhandlungen zum Thema Vertrag oder Abfindung sowie m\u00f6gliche Klagen in Verbindung mit dem gesetzlichen K\u00fcndigungsschutz. Da sowohl Arbeitnehmer als auch einige Arbeitgeber eigene Auslegungen des Gesetzestextes haben, kommt es h\u00e4ufig zu Verfahren.<\/p>\n\n\n\n<p>Mit einer klaren und klug koordinierten Gespr\u00e4chsf\u00fchrung ist in vielen arbeitsrechtlichen Bereichen jedoch kein Gerichtsprozess erforderlich. Mein Ziel als Jurist rund um das Arbeitsrecht ist es an dieser Stelle, einen fairen Vergleich f\u00fcr Ihre Seite zu finden und die gew\u00fcnschten Ziele zu erreichen. Da es bei vielen Fragen im Arbeitsrecht um Existenzen und die berufliche Zukunft geht, sind Feingef\u00fchl und Verhandlungsgeschick gefragt. So steigen die Chancen einer beidseitig zufriedenstellenden Einigung.<\/p>\n\n\n\n<p><strong>Warum die anwaltliche Begleitung meist sinnvoll ist<\/strong><\/p>\n\n\n\n<p>Um auf ein anwaltliches Schreiben im Arbeitsrecht einzugehen, ist in vielen F\u00e4llen selbst rechtlicher Beistand erforderlich. Dies hilft Ihnen dabei, nicht nur blind auf die Forderungen der Gegenseite einzugehen, sondern Ihre Rechte und Pflichten genau im Blick zu behalten. Vor allem bei Fragen im Bereich Arbeitsrecht sollten Sie genau darauf achten, welche Anfragen Sie wie genau beantworten.<\/p>\n\n\n\n<p>Neben den bereits vorgestellten Bereichen ist ein Anwalt im Arbeitsrecht auch f\u00fcr die Abwehr von Abmahnungen oder bei rechtlichen Fragen der beste Ansprechpartner. Gerne biete ich Ihnen auch zu diesen Themenschwerpunkten eine gr\u00fcndliche Beratung und bespreche alle Unklarheiten mit Ihnen. Gleiches gilt f\u00fcr die Rahmenbedingungen der Elternzeit, f\u00fcr die Ausstellung eines zuverl\u00e4ssigen Arbeitszeugnisses sowie f\u00fcr \u00e4hnliche Streitf\u00e4lle, bei denen ich Sie als Jurist umfassend begleite.<\/p>\n\n\n\n<p>Sowohl f\u00fcr Arbeitnehmer als auch f\u00fcr die Interessen von Arbeitgebern \u00fcbernehme ich bei Bedarf die gerichtliche und au\u00dfergerichtliche Vertretung. Arbeitsrechtliche Entscheidungen k\u00f6nnen Existenzen retten, aber auch nachhaltig besch\u00e4digen, weshalb eine gute rechtliche Vertretung unabdingbar ist. Gemeinsam mit mir als Anwalt im Arbeitsrecht erwartet Sie die gew\u00fcnschte Planungssicherheit.<\/p>\n\n\n\n<p><strong>Meine Begleitung in rechtlichen Angelegenheiten<\/strong><\/p>\n\n\n\n<p>Sollten Sie selbst auf einen guten rechtlichen Beistand im Arbeitsrecht angewiesen sein, helfe ich Ihnen gerne professionell weiter. Vor allem preislich achte ich darauf, Sie in Ihrer Position nicht unn\u00f6tig zu belasten, weshalb Sie von mir jederzeit faire Angebote erhalten. So k\u00f6nnen Sie Ihren Fall im Vorhinein unverbindlich schildern und erhalten eine ungef\u00e4hre Einsch\u00e4tzung bereits im Vorhinein.<\/p>\n\n\n\n<p>Anschlie\u00dfend ermitteln wir gemeinsam, welche Folgema\u00dfnahmen und Schritte in Ihrem Fall am besten geeignet sind und welche Optionen die Gegenseite hat. Auf diese Weise sind Sie in der Lage, angemessen auf m\u00f6gliche Forderungen und Sachverhalte zu reagieren und jede M\u00f6glichkeit exakt im Blick zu behalten. Als Experte im Arbeitsrecht bin ich stets darum bem\u00fcht, die f\u00fcr Sie einfachste und beste L\u00f6sung zu finden. Kontaktieren Sie mich bei Bedarf am besten direkt mit Ihrem Problem.<\/p>\n\n\n\n<p><strong>Erfahren Sie mehr \u00fcber meine Leistungen im Arbeitsrecht!<\/strong><\/p>\n\n\n\n<p>Falls auch Sie auf einen kompetenten Anwalt im Arbeitsrecht angewiesen sind, helfe ich Ihnen gerne in Ihrem Sachverhalt weiter. Dies gilt zum Beispiel bei ungerechtfertigten K\u00fcndigungen, bei fairen Abfindungen oder bei rechtlichen Anspr\u00fcchen wie beispielsweise der Elternzeit. Als Anwalt f\u00fcr Arbeitsrecht biete ich Erfahrungen aus mehr als 100 F\u00e4llen, die auch Ihnen weiterhelfen k\u00f6nnen.<\/p>\n","protected":false},"excerpt":{"rendered":"<p>Ihr Fachanwalt f\u00fcr Arbeitsrecht Wenn es um die Vertretung von Arbeitgeber- oder Arbeitnehmerinteressen geht, haben Sie mit mir als Fachanwalt im Arbeitsrecht einen guten Partner zur Seite. So konnte ich in der Vergangenheit bereits vielen Mandanten weiterhelfen, um ihre rechtlichen Anspr\u00fcche mit Erfolg durchzusetzen. Sowohl in Form der au\u00dfergerichtlichen Vertretung als auch im Verfahren vor&#8230;<\/p>\n","protected":false},"author":1,"featured_media":0,"parent":611,"menu_order":2,"comment_status":"closed","ping_status":"closed","template":"","meta":{"footnotes":""},"class_list":["post-2709","page","type-page","status-publish","hentry"],"_links":{"self":[{"href":"https:\/\/andreas-goetz-anwalt.de\/index.php?rest_route=\/wp\/v2\/pages\/2709","targetHints":{"allow":["GET"]}}],"collection":[{"href":"https:\/\/andreas-goetz-anwalt.de\/index.php?rest_route=\/wp\/v2\/pages"}],"about":[{"href":"https:\/\/andreas-goetz-anwalt.de\/index.php?rest_route=\/wp\/v2\/types\/page"}],"author":[{"embeddable":true,"href":"https:\/\/andreas-goetz-anwalt.de\/index.php?rest_route=\/wp\/v2\/users\/1"}],"replies":[{"embeddable":true,"href":"https:\/\/andreas-goetz-anwalt.de\/index.php?rest_route=%2Fwp%2Fv2%2Fcomments&post=2709"}],"version-history":[{"count":5,"href":"https:\/\/andreas-goetz-anwalt.de\/index.php?rest_route=\/wp\/v2\/pages\/2709\/revisions"}],"predecessor-version":[{"id":2897,"href":"https:\/\/andreas-goetz-anwalt.de\/index.php?rest_route=\/wp\/v2\/pages\/2709\/revisions\/2897"}],"up":[{"embeddable":true,"href":"https:\/\/andreas-goetz-anwalt.de\/index.php?rest_route=\/wp\/v2\/pages\/611"}],"wp:attachment":[{"href":"https:\/\/andreas-goetz-anwalt.de\/index.php?rest_route=%2Fwp%2Fv2%2Fmedia&parent=2709"}],"curies":[{"name":"wp","href":"https:\/\/api.w.org\/{rel}","templated":true}]}}