{"id":2461,"date":"2019-06-29T20:25:16","date_gmt":"2019-06-29T20:25:16","guid":{"rendered":"https:\/\/rstheme.com\/products\/wordpress\/advokat\/?page_id=2461"},"modified":"2022-10-27T16:10:09","modified_gmt":"2022-10-27T14:10:09","slug":"home-2","status":"publish","type":"page","link":"https:\/\/andreas-goetz-anwalt.de\/","title":{"rendered":"Home"},"content":{"rendered":"<div class=\"wpb-content-wrapper\"><p>[vc_row css=&#8221;.vc_custom_1561539826162{margin-top: -130px !important;}&#8221; el_class=&#8221;mobl-mt100 home1top-service&#8221;][vc_column][vc_row_inner equal_height=&#8221;yes&#8221; css=&#8221;.vc_custom_1561187662401{padding-right: 15px !important;padding-left: 15px !important;}&#8221;][vc_column_inner width=&#8221;1\/3&#8243; css=&#8221;.vc_custom_1557135638624{padding-right: 0px !important;padding-left: 0px !important;}&#8221;]<div class=\"rs-services-style3  services-left  vc_custom_1661845648805 \" data-overlay=\"#222\" data-opacity=\"0.8\"  >\r\n\t\r\n\t<div class=\"services-item\">\r\n\t\t<div class=\"services-icon\" >\r\n\t\t\t\t\t\t\t<div class=\"service-img-icon\"><img decoding=\"async\" src=\"https:\/\/andreas-goetz-anwalt.de\/wp-content\/uploads\/2019\/06\/target-1.png\" alt=\"\"><\/div>\r\n\t\t\t\t\t\t\r\n\t\t<\/div>\r\n\t\t<div class=\"services-desc\" >\r\n\t\t\t<h3 class=\"services-title\" style=\"\"><a href=\"#\" title=\"\" style=\"color: #ffffff;font-size: 24px;\" > Hohe Erfolgsrate <\/a><\/h3>\r\n\t\t\t<p  style=\"color: #d1d1d1\">Die Erfolgsrate definiere ich nach den Rechtszielen und den individuellen w\u00fcnschen der Mandantschaft.<\/p>\r\n\t\t<\/div>\r\n\t<\/div>\t\r\n<\/div>[\/vc_column_inner][vc_column_inner el_class=&#8221;dark-bg&#8221; width=&#8221;1\/3&#8243; css=&#8221;.vc_custom_1557137287469{padding-right: 0px !important;padding-left: 0px !important;}&#8221;]<div class=\"rs-services-style3  services-left  vc_custom_1661505055748 \" data-overlay=\"#222\" data-opacity=\"1\"  >\r\n\t\r\n\t<div class=\"services-item\">\r\n\t\t<div class=\"services-icon\" >\r\n\t\t\t\t\t\t\t<div class=\"service-img-icon\"><img decoding=\"async\" src=\"https:\/\/andreas-goetz-anwalt.de\/wp-content\/uploads\/2019\/06\/stopwatch-1.png\" alt=\"\"><\/div>\r\n\t\t\t\t\t\t\r\n\t\t<\/div>\r\n\t\t<div class=\"services-desc\" >\r\n\t\t\t<h3 class=\"services-title\" style=\"\"><a href=\"#\" title=\"\" style=\"color: #ffffff;font-size: 24px;\" > Schnelle Hilfe <\/a><\/h3>\r\n\t\t\t<p  style=\"color: #d1d1d1\">Schnelle Erreichbarkeit mittels E-Mail und in Notf\u00e4llen auch per Handy.<span style=\"color: #ffffff;\">\u00a00179-75 19 114<\/span><\/p>\r\n\t\t<\/div>\r\n\t<\/div>\t\r\n<\/div>[\/vc_column_inner][vc_column_inner width=&#8221;1\/3&#8243; css=&#8221;.vc_custom_1557135651392{padding-right: 0px !important;padding-left: 0px !important;}&#8221;]<div class=\"rs-services-style3  services-left  vc_custom_1661505114259 \" data-overlay=\"#222\" data-opacity=\"0.8\"  >\r\n\t\r\n\t<div class=\"services-item\">\r\n\t\t<div class=\"services-icon\" >\r\n\t\t\t\t\t\t\t<div class=\"service-img-icon\"><img decoding=\"async\" src=\"https:\/\/andreas-goetz-anwalt.de\/wp-content\/uploads\/2019\/06\/recommeded-1.png\" alt=\"\"><\/div>\r\n\t\t\t\t\t\t\r\n\t\t<\/div>\r\n\t\t<div class=\"services-desc\" >\r\n\t\t\t<h3 class=\"services-title\" style=\"\"><a href=\"#\" title=\"\" style=\"color: #ffffff;font-size: 24px;\" > Als sehr gut bewertet <\/a><\/h3>\r\n\t\t\t<p  style=\"color: #d1d1d1\">In der Kommunikation, Erreichbarkeit, Kompetenz und Fachwissen<\/p>\r\n\t\t<\/div>\r\n\t<\/div>\t\r\n<\/div>[\/vc_column_inner][\/vc_row_inner][\/vc_column][\/vc_row][vc_row css=&#8221;.vc_custom_1561793550821{padding-top: 120px !important;padding-bottom: 120px !important;}&#8221;][vc_column width=&#8221;5\/12&#8243;][vc_single_image image=&#8221;2668&#8243; img_size=&#8221;full&#8221; css=&#8221;.vc_custom_1638101212626{margin-bottom: 0px !important;}&#8221;][\/vc_column][vc_column width=&#8221;7\/12&#8243; css=&#8221;.vc_custom_1561793706345{padding-top: 50px !important;padding-left: 50px !important;}&#8221; el_class=&#8221;mobc-pl15 mobc-pt-40 tab-pt-20&#8243;]\r\n        <div class=\"rs-heading   vc_custom_1666879556467  \">\r\n        \t<div class=\"title-inner \">\r\n        \t\t       \t\t\r\n\t            \r\n\t            <h2 class=\"title \">Ihr Fachanwalt f\u00fcr Strafrecht, Arbeitsrecht und Rechtsanwalt mit Schwerpunkt f\u00fcr Familienrecht<\/h2>\r\n\t            <div class=\"title-img bottom-img\"><\/div>\r\n\t        <\/div><div class=\"description\" ><p>Herzlich willkommen auf meiner Website. Direkt hier stehe ich Ihnen mit Rat und Tat zur Seite, wenn es um die rechtliche Vertretung Ihrer Interessen geht. Ich verf\u00fcge \u00fcber langj\u00e4hrige Erfahrung in allen angebotenen Rechtsbereichen, wodurch Sie sich auf eine reibungslose und kompetente Begleitung verlassen k\u00f6nnen. Als spezialisierter Fachanwalt freue ich mich darauf, Sie professionell bei Ihrem Anliegen zu begleiten und daf\u00fcr zu sorgen, Ihr Recht mit Erfolg auf allen Ebenen durchzusetzen.<\/p><\/div><\/div>[vc_column_text]<em><strong>Ihr Andreas G\u00f6tz<\/strong><\/em><\/p>\n<blockquote><p><strong>Ihr Experte zur gerichtlichen und au\u00dfergerichtlichen Vertretung<\/strong><\/p>\n<p>Falls Sie auf der Suche nach einem rechtlichen Beistand sind, freue ich mich auf Ihren Anruf oder auf eine Mail. Anschlie\u00dfend erhalten Sie schnell und unkompliziert ein unverbindliches Angebot von mir, damit ich Sie auch bei engen Fristen wirksam vertreten kann. Sollten Sie im Vorhinein Fragen haben, z\u00f6gern Sie nicht, mich zu kontaktieren. Gerne unterst\u00fctze ich Sie wirksam bei Ihren Angelegenheiten.<\/p>\n<p><strong>Warum professionelle Rechtsberatungen entscheidend sind<\/strong><\/p>\n<p>Bei der Beauftragung eines Juristen kommt es vor allem auf Qualifikationen und Erfahrungen an. Das Gesetz ist in vielen F\u00e4llen in mehrere Richtungen auslegbar, weshalb schl\u00fcssig vorgetragene Argumente den entscheidenden Unterschied machen k\u00f6nnen. Als Experte f\u00fcr die Rechtsbereiche Strafrecht, Arbeitsrecht und Familienrecht unterst\u00fctze ich Sie dabei, Ihre Interessen zu vertreten.<\/p>\n<p>Um mich bestm\u00f6glich in Ihren Fall einzuarbeiten, setze ich auf umfassende Gespr\u00e4che und die gezielte Zusammenarbeit mit meinen Klienten. Dadurch kommt jedes Argument zum Tragen, um sowohl im au\u00dfergerichtlichen Verfahren als auch vor Gericht zu bestehen. Als Rechtsvertreter begleite ich Sie sowohl bei Klagen und Forderungen der Gegenseite als auch bei berechtigten Anliegen Ihrerseits. So k\u00f6nnen Sie sich auf eine rundum gut koordinierte Vertretung verlassen.<\/p><\/blockquote>\n<p>[\/vc_column_text][\/vc_column][\/vc_row][vc_row full_width=&#8221;stretch_row&#8221; equal_height=&#8221;yes&#8221; css=&#8221;.vc_custom_1561786032536{padding-top: 80px !important;padding-bottom: 120px !important;background-color: #1f2839 !important;background-position: center !important;background-repeat: no-repeat !important;background-size: cover !important;}&#8221; el_class=&#8221;mob-plr15&#8243;][vc_column css=&#8221;.vc_custom_1561620024978{margin-bottom: 0px !important;padding-bottom: 0px !important;}&#8221;]\r\n        <div class=\"rs-heading style4  vc_custom_1638101420195  text-center\">\r\n        \t<div class=\"title-inner \">\r\n        \t\t       \t\t\r\n\t            <span style=\"color: #b69d74\" class=\"sub-text \">Was biete ich an?<\/span>\r\n\t            <h2 class=\"title \" style=\"color: #ffffff\">Meine Unterst\u00fctzung f\u00fcr diverse Rechtsgebiete<\/h2>\r\n\t            <div class=\"title-img bottom-img\"><\/div>\r\n\t        <\/div><\/div>[vc_row_inner][vc_column_inner width=&#8221;1\/3&#8243;]<div class=\"rs-services\"><div class=\"service-inner services-style-home1 services-left  \">\r\n\t\t\t\t<div class=\"services-wrap\"> \r\n\t\t\t        <div class=\"services-item\">  <div class=\"services-icon\">\r\n\t\t\t                <img decoding=\"async\" src=\"\" alt=\"Rs-service\" \/>\r\n\t\t\t            <\/div><div class=\"services-desc\"  >\t\r\n\t\t\t\t\t\t\t<h3 class=\"services-title services-title2\" style=\"\"><a data-onhovercolor=\"#b69d74\" data-onleavecolor=\"#ffffff\" href=\"https:\/\/andreas-goetz-anwalt.de\/rechtsgebiete\/strafrecht\/\" title=\"Strafrecht\" style=\"color: #ffffff;font-size: 22px;\">Fachanwalt f\u00fcr das Strafrecht<\/a><\/h3>\t\t\r\n\t\t\t\t\t\t\t<p >Bei einer strafrechtlichen Vertretung geht es prim\u00e4r um die Verteidigung Ihrer Interessen vor Gericht. Als Fachanwalt f\u00fcr Strafrecht begleite ich Sie sowohl als Beschuldigter als auch in anzeigender Position, damit Sie den Justizbeh\u00f6rden nicht allein gegen\u00fcberstehen. Sollten Sie eine Vorladung erhalten oder vor Ort beschuldigt werden, helfe ich Ihnen jederzeit weiter.<\/p>\r\n\t\t\t\t\t\t\t\r\n\t\t\t\t\t\t<\/div>\t\t\r\n\t\t\t\t\t<\/div>\t\r\n\t\t\t\t<\/div>\r\n\t\t\t<\/div>\r\n\t\t<\/div>[\/vc_column_inner][vc_column_inner el_class=&#8221;dark-bg mobc-pt-30&#8243; width=&#8221;1\/3&#8243;]<div class=\"rs-services\"><div class=\"service-inner services-style-home1 services-left  \">\r\n\t\t\t\t<div class=\"services-wrap\"> \r\n\t\t\t        <div class=\"services-item\">  <div class=\"services-icon\">\r\n\t\t\t                <img decoding=\"async\" src=\"\" alt=\"Rs-service\" \/>\r\n\t\t\t            <\/div><div class=\"services-desc\"  >\t\r\n\t\t\t\t\t\t\t<h3 class=\"services-title services-title2\" style=\"\"><a data-onhovercolor=\"#b69d74\" data-onleavecolor=\"#ffffff\" href=\"https:\/\/andreas-goetz-anwalt.de\/rechtsgebiete\/arbeitsrecht\/\" title=\"Arbeitsrecht\" style=\"color: #ffffff;font-size: 22px;\">Anwalt f\u00fcr das Arbeitsrecht<\/a><\/h3>\t\t\r\n\t\t\t\t\t\t\t<p >Rund um Anliegen zum Thema K\u00fcndigungen, neue Gesetzesauslegungen oder Forderungen von Arbeitnehmer- und Arbeitgeberseite bin ich der richtige Ansprechpartner. Als Anwalt im Bereich Arbeitsrecht behalte ich f\u00fcr Sie den \u00dcberblick, welche gesetzlichen Rahmen zu beachten sind. Sowohl f\u00fcr einzelne F\u00e4lle als auch in Form von langfristigen Kooperationen begleite ich Sie.<\/p>\r\n\t\t\t\t\t\t\t\r\n\t\t\t\t\t\t<\/div>\t\t\r\n\t\t\t\t\t<\/div>\t\r\n\t\t\t\t<\/div>\r\n\t\t\t<\/div>\r\n\t\t<\/div>[\/vc_column_inner][vc_column_inner el_class=&#8221;mobc-pt-30&#8243; width=&#8221;1\/3&#8243;]<div class=\"rs-services\"><div class=\"service-inner services-style-home1 services-left  \">\r\n\t\t\t\t<div class=\"services-wrap\"> \r\n\t\t\t        <div class=\"services-item\">  <div class=\"services-icon\">\r\n\t\t\t                <img decoding=\"async\" src=\"\" alt=\"Rs-service\" \/>\r\n\t\t\t            <\/div><div class=\"services-desc\"  >\t\r\n\t\t\t\t\t\t\t<h3 class=\"services-title services-title2\" style=\"\"><a data-onhovercolor=\"#b69d74\" data-onleavecolor=\"#ffffff\" href=\"https:\/\/andreas-goetz-anwalt.de\/rechtsgebiete\/familienrecht\/\" title=\"Familienrecht\" style=\"color: #ffffff;font-size: 22px;\">Anwalt f\u00fcr das Familienrecht<\/a><\/h3>\t\t\r\n\t\t\t\t\t\t\t<p >Bei famili\u00e4ren Angelegenheiten wie der Scheidung, einem Ehevertrag oder Adoptionen bin ich als Anwalt f\u00fcr Familienrecht der richtige Partner. Dies gilt nicht nur f\u00fcr Formalit\u00e4ten, sondern auch f\u00fcr rechtliche Anspr\u00fcche von Erziehungsberechtigten und Kindern, wenn diese nicht erf\u00fcllt werden sollten. Gerne berate ich Sie zu Ihrem Anliegen und finde mit Ihnen die besten L\u00f6sungen.<\/p>\r\n\t\t\t\t\t\t\t\r\n\t\t\t\t\t\t<\/div>\t\t\r\n\t\t\t\t\t<\/div>\t\r\n\t\t\t\t<\/div>\r\n\t\t\t<\/div>\r\n\t\t<\/div>[\/vc_column_inner][\/vc_row_inner][vc_row_inner css=&#8221;.vc_custom_1561360353114{margin-top: 60px !important;}&#8221;][vc_column_inner]<div class=\"rs-btn btn-center \">\r\n\t<a data-onhovercolor=\"#fff\" data-bordercolor=\"#b69d74\" data-onhoverbg=\"#b69d74\" data-onleavebg=\"#b69d74\" data-onleavecolor=\"#fff\" class=\"readon rs_button \" href=\"https:\/\/andreas-goetz-anwalt.de\/rechtsgebiete\/\" style =\"color:#fff;background:#b69d74;border-color:#b69d74;\">Zu den Rechtsgebieten<\/a>\r\n<\/div>\r\n\r\n[\/vc_column_inner][\/vc_row_inner][\/vc_column][\/vc_row]<\/p>\n<\/div>","protected":false},"excerpt":{"rendered":"<p>[vc_row css=&#8221;.vc_custom_1561539826162{margin-top: -130px !important;}&#8221; el_class=&#8221;mobl-mt100 home1top-service&#8221;][vc_column][vc_row_inner equal_height=&#8221;yes&#8221; css=&#8221;.vc_custom_1561187662401{padding-right: 15px !important;padding-left: 15px !important;}&#8221;][vc_column_inner width=&#8221;1\/3&#8243; css=&#8221;.vc_custom_1557135638624{padding-right: 0px !important;padding-left: 0px !important;}&#8221;][\/vc_column_inner][vc_column_inner el_class=&#8221;dark-bg&#8221; width=&#8221;1\/3&#8243; css=&#8221;.vc_custom_1557137287469{padding-right: 0px !important;padding-left: 0px !important;}&#8221;][\/vc_column_inner][vc_column_inner width=&#8221;1\/3&#8243; css=&#8221;.vc_custom_1557135651392{padding-right: 0px !important;padding-left: 0px !important;}&#8221;][\/vc_column_inner][\/vc_row_inner][\/vc_column][\/vc_row][vc_row css=&#8221;.vc_custom_1561793550821{padding-top: 120px !important;padding-bottom: 120px !important;}&#8221;][vc_column width=&#8221;5\/12&#8243;][vc_single_image image=&#8221;2668&#8243; img_size=&#8221;full&#8221; css=&#8221;.vc_custom_1638101212626{margin-bottom: 0px !important;}&#8221;][\/vc_column][vc_column width=&#8221;7\/12&#8243; css=&#8221;.vc_custom_1561793706345{padding-top: 50px !important;padding-left: 50px !important;}&#8221; el_class=&#8221;mobc-pl15 mobc-pt-40 tab-pt-20&#8243;][vc_column_text]Ihr Andreas G\u00f6tz Ihr Experte&#8230;<\/p>\n","protected":false},"author":1,"featured_media":0,"parent":0,"menu_order":0,"comment_status":"closed","ping_status":"closed","template":"","meta":{"footnotes":""},"class_list":["post-2461","page","type-page","status-publish","hentry"],"_links":{"self":[{"href":"https:\/\/andreas-goetz-anwalt.de\/index.php?rest_route=\/wp\/v2\/pages\/2461","targetHints":{"allow":["GET"]}}],"collection":[{"href":"https:\/\/andreas-goetz-anwalt.de\/index.php?rest_route=\/wp\/v2\/pages"}],"about":[{"href":"https:\/\/andreas-goetz-anwalt.de\/index.php?rest_route=\/wp\/v2\/types\/page"}],"author":[{"embeddable":true,"href":"https:\/\/andreas-goetz-anwalt.de\/index.php?rest_route=\/wp\/v2\/users\/1"}],"replies":[{"embeddable":true,"href":"https:\/\/andreas-goetz-anwalt.de\/index.php?rest_route=%2Fwp%2Fv2%2Fcomments&post=2461"}],"version-history":[{"count":27,"href":"https:\/\/andreas-goetz-anwalt.de\/index.php?rest_route=\/wp\/v2\/pages\/2461\/revisions"}],"predecessor-version":[{"id":2669,"href":"https:\/\/andreas-goetz-anwalt.de\/index.php?rest_route=\/wp\/v2\/pages\/2461\/revisions\/2669"}],"wp:attachment":[{"href":"https:\/\/andreas-goetz-anwalt.de\/index.php?rest_route=%2Fwp%2Fv2%2Fmedia&parent=2461"}],"curies":[{"name":"wp","href":"https:\/\/api.w.org\/{rel}","templated":true}]}}